{"id":1343,"date":"2021-12-14T13:49:53","date_gmt":"2021-12-14T12:49:53","guid":{"rendered":"https:\/\/marles-okna.com\/karriere\/"},"modified":"2023-05-23T14:40:39","modified_gmt":"2023-05-23T12:40:39","slug":"karriere","status":"publish","type":"page","link":"https:\/\/marles-okna.com\/de\/karriere\/","title":{"rendered":"Karriere"},"content":{"rendered":"<p>[vc_row container=&#8220;1&#8243; css=&#8220;.vc_custom_1638962029773{padding-top: 70px !important;padding-bottom: 70px !important;}&#8220;][vc_column][vc_custom_heading text=&#8220;Schile\u00dfen Sie sich uns an&#8220; font_container=&#8220;tag:h6|font_size:16px|text_align:center|color:%239f9191&#8243; use_theme_fonts=&#8220;yes&#8220;][vc_custom_heading text=&#8220;KARRIERE BEI MARLES FENSTER&#8220; font_container=&#8220;tag:h2|text_align:center&#8220; use_theme_fonts=&#8220;yes&#8220;][vc_separator color=&#8220;custom&#8220; border_width=&#8220;6&#8243; el_width=&#8220;10&#8243; accent_color=&#8220;#ff7d23&#8243;][vc_column_text]<\/p>\n<p style=\"text-align: center; font-weight: 300; line-height: 24px;\">Wir sind ein <strong>Unternehmen mit Tradition<\/strong>, der unter der Marke <strong>Marles FENSTER<\/strong> bekannt ist und sich im Laufe der Jahre als zuverl\u00e4ssiger und qualitativ hochwertiger Hersteller von Holz- und Holz-Alu Fenster etabliert hat. Mit ehrlichem Umgang mit Kunden und dem Schaffen technologischer Trends gelten wir als <strong>vertrauensw\u00fcrdiger<\/strong>, innovativer und qualitativ hochwertiger Hersteller von Fenster sowohl zu Hause als auch im Ausland.<\/p>\n<p style=\"text-align: center; font-weight: 300; line-height: 24px;\">In unserem Team <strong>besch\u00e4ftigen wir Menschen<\/strong>, die die W\u00fcnsche der Kunden h\u00f6ren und qualitativ erf\u00fcllen wollen, Menschen die wissbegierig sind und gewissenhaft ihren Verpflichtungen nachkommen. Wir bieten dem Angestellten die M\u00f6glichkeit der beruflichen Weiterentwicklung, eine Anstellung mit geregelten Arbeitsbedingungen, einen <strong>verl\u00e4sslichen Arbeitgeber<\/strong>, der sich an Vereinbarungen h\u00e4lt und vor allem die beruflichen Aufstiegsm\u00f6glichkeiten.<\/p>\n<p>[\/vc_column_text][vc_video link=&#8220;https:\/\/youtu.be\/NCjVtdqx-to&#8220; el_width=&#8220;70&#8243; align=&#8220;center&#8220;][\/vc_column][\/vc_row][vc_row container=&#8220;1&#8243; css=&#8220;.vc_custom_1642771813164{background-color: #454141 !important;}&#8220;][vc_column css=&#8220;.vc_custom_1642772087682{padding-top: 70px !important;padding-bottom: 70px !important;}&#8220;][vc_custom_heading text=&#8220;WIR MACHEN DIE WELT MIT KLEINEN SCHRITTEN BESSER&#8220; font_container=&#8220;tag:h2|font_size:34px|text_align:center|color:%23d0cece&#8220; use_theme_fonts=&#8220;yes&#8220; css=&#8220;.vc_custom_1642771959579{padding-top: 30px !important;padding-left: 50px !important;}&#8220;][vc_separator color=&#8220;custom&#8220; border_width=&#8220;6&#8243; el_width=&#8220;10&#8243; accent_color=&#8220;#ff7d23&#8243; css=&#8220;.vc_custom_1642771965672{padding-left: 50px !important;}&#8220;][vc_column_text css=&#8220;.vc_custom_1647250717526{padding-left: 50px !important;}&#8220;]<\/p>\n<p style=\"color: #ebe7e7; text-align: center; font-weight: 300;\">Bei Marles FENSTER sind wir uns der neuen architektonischen Trends und der Wunsche unserer Kunden nach <strong>einzigartigen architektonischen L\u00f6sungen<\/strong> bewusst, weshalb wir st\u00e4ndig neue Produkte entwickeln. Wir h\u00f6ren unseren Kunden zu, beraten sie und helfen ihnen bei Entscheidungen<\/p>\n<p style=\"color: #ebe7e7; text-align: center; font-weight: 300;\">Wir entwickeln, stellen her und montieren technisch \u00e4u\u00dferst anspruchsvolle Produkte und Fensterl\u00f6sungen, wobei wir innerhalb der vereinbarten Termine liefern und mit <strong>h\u00f6chster Pr\u00e4zision und Qualit\u00e4t<\/strong> begleitende Dienstleistungen erledigen. All dies erreichen wir mit Hilfe einer modernen computergesteuerten Produktion mit der <strong>modernsten Lackieranlage in Slowenien<\/strong>, professionell geschultem Personal und enger Zusammenarbeit mit den wichtigsten Lieferanten, die ma\u00dfgeblich zu den besten L\u00f6sungen f\u00fcr unsere Kunden beitragen.<\/p>\n<p style=\"color: #ebe7e7; text-align: center; font-weight: 300;\">Wir glauben, dass wir durch den Einsatz gr\u00fcner Technologien und nachhaltiger Gesch\u00e4ftspraktiken die Welt jeden Tag in kleinen Schritten verbessern. Aus dem Bewusstsein der Notwendigkeit, heimisches Holz zu verarbeiten und den Holzwuchs unserer W\u00e4lder zu nutzen, sind Fenster von Marles FENSTER aus heimischem Holz, da wir <strong>ausschlie\u00dflich Qualit\u00e4tsholz<\/strong> aus regionaler und nachhaltiger Waldbewirtschaftung verwenden.<\/p>\n<p>[\/vc_column_text][\/vc_column][\/vc_row][vc_row css=&#8220;.vc_custom_1641306595701{background-color: #ebe7e7 !important;}&#8220;][vc_column][vc_custom_heading text=&#8220;Schile\u00dfen Sie sich uns an&#8220; font_container=&#8220;tag:h6|font_size:16px|text_align:center|color:%239f9191&#8243; use_theme_fonts=&#8220;yes&#8220; css=&#8220;.vc_custom_1641306993864{padding-top: 50px !important;}&#8220;][vc_custom_heading text=&#8220;BEWERBUNGSFORMULAR F\u00dcR DIE KANDIDATEN&#8220; font_container=&#8220;tag:h2|text_align:center&#8220; use_theme_fonts=&#8220;yes&#8220;][vc_separator color=&#8220;custom&#8220; border_width=&#8220;6&#8243; el_width=&#8220;10&#8243; accent_color=&#8220;#ff7d23&#8243;]\r\n<!-- #appointment -->\r\n<section id=\"appointment\" class=\"anim-5-all \">\r\n\t<div class=\"container\">\r\n\t\t<div class=\"row\">\r\n\t\t\t<!-- .agent-info -->\r\n\t\t\t<div class=\"col-lg-7 col-md-8 col-lg-offset-0 col-md-offset-2 agent-info\">\r\n\t\t\t\t<!-- .img-holder -->\r\n\t\t\t\t<div class=\"img-holder text-center-xs\">\r\n\t\t\t\t\t<img decoding=\"async\" src=\"https:\/\/marles-okna.com\/wp-content\/uploads\/2016\/01\/MARLES-OKNA_zaluzije-ROLTEK-HERO-2_725x532px.jpg\" alt=\"image\">\r\n\t\t\t\t<\/div><!-- \/.img-holder -->\r\n\t\t\t\t<!-- .content -->\r\n\t\t\t\t<div class=\"content\">\r\n\t\t\t\t\t<!-- .section-title -->\r\n\t\t\t\t\t<div class=\"section-title\">\r\n\t\t\t\t\t\t<span><\/span>\r\n\t\t\t\t\t\t<h2><span><\/span><\/h2>\r\n\t\t\t\t\t<\/div><!-- \/.section-title -->\r\n\t\t\t\t\t<h3><\/h3>\r\n\t\t\t\t\t<p><\/p>\r\n\t\t\t\t\t<p>Phone : <\/p>\r\n\t\t\t\t\t<p>Email : <\/p>\r\n\t\t\t\t<\/div><!-- \/.content -->\r\n\t\t\t<\/div><!-- \/.agent-info -->\r\n\t\t\t<!-- .contact-form-wrap -->\r\n\t\t\t<div class=\"col-lg-5 col-md-7 col-lg-offset-0 col-md-offset-2 contact-form-wrap\">\r\n\t\t\t\t<h3><\/h3>\r\n\t\t\t\t\n<div class=\"wpcf7 no-js\" id=\"wpcf7-f1454-o1\" lang=\"de-DE\" dir=\"ltr\" data-wpcf7-id=\"1454\">\n<div class=\"screen-reader-response\"><p role=\"status\" aria-live=\"polite\" aria-atomic=\"true\"><\/p> <ul><\/ul><\/div>\n<form action=\"\/de\/wp-json\/wp\/v2\/pages\/1343#wpcf7-f1454-o1\" method=\"post\" class=\"wpcf7-form init\" aria-label=\"Kontaktformular\" novalidate=\"novalidate\" data-status=\"init\">\n<div style=\"display: none;\">\n<input type=\"hidden\" name=\"_wpcf7\" value=\"1454\" \/>\n<input type=\"hidden\" name=\"_wpcf7_version\" value=\"6.0.4\" \/>\n<input type=\"hidden\" name=\"_wpcf7_locale\" value=\"de_DE\" \/>\n<input type=\"hidden\" name=\"_wpcf7_unit_tag\" value=\"wpcf7-f1454-o1\" \/>\n<input type=\"hidden\" name=\"_wpcf7_container_post\" value=\"0\" \/>\n<input type=\"hidden\" name=\"_wpcf7_posted_data_hash\" value=\"\" \/>\n<input type=\"hidden\" name=\"_wpcf7cf_hidden_group_fields\" value=\"[]\" \/>\n<input type=\"hidden\" name=\"_wpcf7cf_hidden_groups\" value=\"[]\" \/>\n<input type=\"hidden\" name=\"_wpcf7cf_visible_groups\" value=\"[]\" \/>\n<input type=\"hidden\" name=\"_wpcf7cf_repeaters\" value=\"[]\" \/>\n<input type=\"hidden\" name=\"_wpcf7cf_steps\" value=\"{}\" \/>\n<input type=\"hidden\" name=\"_wpcf7cf_options\" value=\"{&quot;form_id&quot;:1454,&quot;conditions&quot;:[],&quot;settings&quot;:{&quot;animation&quot;:&quot;yes&quot;,&quot;animation_intime&quot;:200,&quot;animation_outtime&quot;:200,&quot;conditions_ui&quot;:&quot;normal&quot;,&quot;notice_dismissed&quot;:false,&quot;notice_dismissed_rollback-cf7-6.0.3&quot;:true}}\" \/>\n<input type=\"hidden\" name=\"_wpcf7_recaptcha_response\" value=\"\" \/>\n<\/div>\n<p><span class=\"wpcf7-form-control-wrap\" data-name=\"text-652\"><input size=\"40\" maxlength=\"400\" class=\"wpcf7-form-control wpcf7-text wpcf7-validates-as-required\" aria-required=\"true\" aria-invalid=\"false\" placeholder=\"Name und Nachname*\" value=\"\" type=\"text\" name=\"text-652\" \/><\/span>\n<\/p>\n<p><span class=\"wpcf7-form-control-wrap\" data-name=\"text-404\"><input size=\"40\" maxlength=\"400\" class=\"wpcf7-form-control wpcf7-text wpcf7-validates-as-required\" aria-required=\"true\" aria-invalid=\"false\" placeholder=\"Stra\u00dfe und Hausnummer*\" value=\"\" type=\"text\" name=\"text-404\" \/><\/span>\n<\/p>\n<p><span class=\"wpcf7-form-control-wrap\" data-name=\"text-405\"><input size=\"40\" maxlength=\"400\" class=\"wpcf7-form-control wpcf7-text wpcf7-validates-as-required\" aria-required=\"true\" aria-invalid=\"false\" placeholder=\"Ort und Postleitzahl*\" value=\"\" type=\"text\" name=\"text-405\" \/><\/span>\n<\/p>\n<p><span class=\"wpcf7-form-control-wrap\" data-name=\"text-653\"><input size=\"40\" maxlength=\"400\" class=\"wpcf7-form-control wpcf7-text\" aria-invalid=\"false\" placeholder=\"Telefonnummer*\" value=\"\" type=\"text\" name=\"text-653\" \/><\/span>\n<\/p>\n<p><span class=\"wpcf7-form-control-wrap\" data-name=\"email-895\"><input size=\"40\" maxlength=\"400\" class=\"wpcf7-form-control wpcf7-email wpcf7-validates-as-required wpcf7-text wpcf7-validates-as-email\" aria-required=\"true\" aria-invalid=\"false\" placeholder=\"E-Mail-Addresse*\" value=\"\" type=\"email\" name=\"email-895\" \/><\/span>\n<\/p>\n<p><span class=\"wpcf7-form-control-wrap\" data-name=\"text-406\"><input size=\"40\" maxlength=\"400\" class=\"wpcf7-form-control wpcf7-text wpcf7-validates-as-required\" aria-required=\"true\" aria-invalid=\"false\" placeholder=\"Zuletzt abgeschlossene Ausbildung*\" value=\"\" type=\"text\" name=\"text-406\" \/><\/span>\n<\/p>\n<p><span class=\"wpcf7-form-control-wrap\" data-name=\"text-407\"><input size=\"40\" maxlength=\"400\" class=\"wpcf7-form-control wpcf7-text wpcf7-validates-as-required\" aria-required=\"true\" aria-invalid=\"false\" placeholder=\"Aktuelle Berufserfahrung*\" value=\"\" type=\"text\" name=\"text-407\" \/><\/span>\n<\/p>\n<p><span class=\"wpcf7-form-control-wrap\" data-name=\"text-408\"><input size=\"40\" maxlength=\"400\" class=\"wpcf7-form-control wpcf7-text\" aria-invalid=\"false\" placeholder=\"Die Stelle, auf die Sie sich bewerben\" value=\"\" type=\"text\" name=\"text-408\" \/><\/span>\n<\/p>\n<p style=\"font-size: 15px; font-style: italic; font-family: 'PT Serif', sans-serif; padding-left: 20px;\">F\u00fcgen Sie Ihren Lebenslauf hinzu*: <span class=\"wpcf7-form-control-wrap\" data-name=\"upload-file-65\"><input size=\"40\" class=\"wpcf7-form-control wpcf7-drag-n-drop-file d-none\" aria-required=\"true\" aria-invalid=\"false\" type=\"file\" multiple=\"multiple\" data-name=\"upload-file-65\" data-id=\"1454\" data-version=\"free version 1.3.8.6\" accept=\".\" \/><\/span>\n<\/p>\n<p style=\"font-size: 12px;\">*Felder, die mit einem Sternchen (*) versehen sind, m\u00fcssen ausgef\u00fcllt werden.\n<\/p>\n<p><span class=\"wpcf7-form-control-wrap\" data-name=\"acceptance-214\"><span class=\"wpcf7-form-control wpcf7-acceptance\"><span class=\"wpcf7-list-item\"><label><input type=\"checkbox\" name=\"acceptance-214\" value=\"1\" class=\"privolitev\" aria-invalid=\"false\" \/><span class=\"wpcf7-list-item-label\">Ich stimme zu, dass Marles PSP d.o.o. meine personenbezogenen Daten wie im obigen Bewerbungsformular dargestellt zum Zweck der Auswahl und Selektion von Kandidaten im Unternehmen verarbeitet. Ich best\u00e4tige, dass mir bekannt ist, dass Marles PSP d.o.o. die personenbezogenen Daten aus diesem Bewerbungsformular f\u00fcr zwei Jahre ab dem Datum des Eingangs des Bewerbungsformulars aufbewahren wird. Mir ist bekannt, dass ich meine Einwilligung jederzeit widerrufen kann. Meine Widerrufserkl\u00e4rung kann ich an die E-Mail-Adresse zaposlitev@marles.com senden Mir ist bekannt, dass der Widerruf der Einwilligung die Rechtm\u00e4\u00dfigkeit der aufgrund der Einwilligung bis zum Widerruf erfolgten Verarbeitung der Daten nicht ber\u00fchrt. Mir ist bekannt, dass mir neben dem Widerruf der Einwilligung folgende Rechte zustehen: Auskunft \u00fcber personenbezogene Daten, Berichtigung oder L\u00f6schung personenbezogener Daten oder Einschr\u00e4nkung der Verarbeitung Ihrer personenbezogenen Daten, Widerspruchsrecht gegen die Verarbeitung und das Recht auf Daten\u00fcbertragbarkeit.<\/span><\/label><\/span><\/span><\/span>\n<\/p>\n<p><input class=\"wpcf7-form-control wpcf7-submit has-spinner\" type=\"submit\" value=\"Senden\" \/>\n<\/p><div class=\"wpcf7-response-output\" aria-hidden=\"true\"><\/div>\n<\/form>\n<\/div>\n\t\t\t<\/div><!-- \/.contact-form-wrap -->\r\n\t\t<\/div>\r\n\t<\/div>\r\n<\/section><!-- \/#appointment -->\r\n\r\n[\/vc_column][\/vc_row][vc_row][vc_column][vc_empty_space][\/vc_column][\/vc_row]<\/p>\n","protected":false},"excerpt":{"rendered":"<p>[vc_row container=&#8220;1&#8243; css=&#8220;.vc_custom_1638962029773{padding-top: 70px !important;padding-bottom: 70px !important;}&#8220;][vc_column][vc_custom_heading text=&#8220;Schile\u00dfen Sie sich uns an&#8220; font_container=&#8220;tag:h6|font_size:16px|text_align:center|color:%239f9191&#8243; use_theme_fonts=&#8220;yes&#8220;][vc_custom_heading text=&#8220;KARRIERE BEI MARLES FENSTER&#8220; font_container=&#8220;tag:h2|text_align:center&#8220; use_theme_fonts=&#8220;yes&#8220;][vc_separator color=&#8220;custom&#8220; border_width=&#8220;6&#8243; el_width=&#8220;10&#8243; accent_color=&#8220;#ff7d23&#8243;][vc_column_text] Wir sind ein Unternehmen mit Tradition, der unter der Marke Marles FENSTER bekannt ist und sich im Laufe der Jahre als zuverl\u00e4ssiger und qualitativ hochwertiger Hersteller von Holz- und Holz-Alu Fenster<\/p>\n","protected":false},"author":1,"featured_media":0,"parent":0,"menu_order":0,"comment_status":"closed","ping_status":"closed","template":"tpl-visual_composer2.php","meta":{"inline_featured_image":false,"footnotes":""},"class_list":["post-1343","page","type-page","status-publish","hentry"],"yoast_head":"<!-- This site is optimized with the Yoast SEO plugin v26.2 - https:\/\/yoast.com\/wordpress\/plugins\/seo\/ -->\n<title>Karriere - Marles OKNA<\/title>\n<meta name=\"description\" content=\"Wir sind ein Unternehmen mit Tradition, der unter der Marke Marles FENSTER bekannt ist. Karriere bei Marles Fenster.\" \/>\n<meta name=\"robots\" content=\"index, follow, max-snippet:-1, max-image-preview:large, max-video-preview:-1\" \/>\n<link rel=\"canonical\" href=\"https:\/\/marles-okna.com\/de\/karriere\/\" \/>\n<meta property=\"og:locale\" content=\"de_DE\" \/>\n<meta property=\"og:type\" content=\"article\" \/>\n<meta property=\"og:title\" content=\"Karriere - Marles OKNA\" \/>\n<meta property=\"og:description\" content=\"Wir sind ein Unternehmen mit Tradition, der unter der Marke Marles FENSTER bekannt ist. Karriere bei Marles Fenster.\" \/>\n<meta property=\"og:url\" content=\"https:\/\/marles-okna.com\/de\/karriere\/\" \/>\n<meta property=\"og:site_name\" content=\"Marles OKNA\" \/>\n<meta property=\"article:modified_time\" content=\"2023-05-23T12:40:39+00:00\" \/>\n<meta name=\"twitter:card\" content=\"summary_large_image\" \/>\n<meta name=\"twitter:label1\" content=\"Gesch\u00e4tzte Lesezeit\" \/>\n\t<meta name=\"twitter:data1\" content=\"2\u00a0Minuten\" \/>\n<script type=\"application\/ld+json\" class=\"yoast-schema-graph\">{\"@context\":\"https:\/\/schema.org\",\"@graph\":[{\"@type\":\"WebPage\",\"@id\":\"https:\/\/marles-okna.com\/de\/karriere\/\",\"url\":\"https:\/\/marles-okna.com\/de\/karriere\/\",\"name\":\"Karriere - Marles OKNA\",\"isPartOf\":{\"@id\":\"https:\/\/marles-okna.com\/de\/#website\"},\"datePublished\":\"2021-12-14T12:49:53+00:00\",\"dateModified\":\"2023-05-23T12:40:39+00:00\",\"description\":\"Wir sind ein Unternehmen mit Tradition, der unter der Marke Marles FENSTER bekannt ist. Karriere bei Marles Fenster.\",\"breadcrumb\":{\"@id\":\"https:\/\/marles-okna.com\/de\/karriere\/#breadcrumb\"},\"inLanguage\":\"de\",\"potentialAction\":[{\"@type\":\"ReadAction\",\"target\":[\"https:\/\/marles-okna.com\/de\/karriere\/\"]}]},{\"@type\":\"BreadcrumbList\",\"@id\":\"https:\/\/marles-okna.com\/de\/karriere\/#breadcrumb\",\"itemListElement\":[{\"@type\":\"ListItem\",\"position\":1,\"name\":\"Home\",\"item\":\"https:\/\/marles-okna.com\/de\/\"},{\"@type\":\"ListItem\",\"position\":2,\"name\":\"Karriere\"}]},{\"@type\":\"WebSite\",\"@id\":\"https:\/\/marles-okna.com\/de\/#website\",\"url\":\"https:\/\/marles-okna.com\/de\/\",\"name\":\"Marles OKNA\",\"description\":\"Odprite dom naravi.\",\"potentialAction\":[{\"@type\":\"SearchAction\",\"target\":{\"@type\":\"EntryPoint\",\"urlTemplate\":\"https:\/\/marles-okna.com\/de\/?s={search_term_string}\"},\"query-input\":{\"@type\":\"PropertyValueSpecification\",\"valueRequired\":true,\"valueName\":\"search_term_string\"}}],\"inLanguage\":\"de\"}]}<\/script>\n<!-- \/ Yoast SEO plugin. -->","yoast_head_json":{"title":"Karriere - Marles OKNA","description":"Wir sind ein Unternehmen mit Tradition, der unter der Marke Marles FENSTER bekannt ist. Karriere bei Marles Fenster.","robots":{"index":"index","follow":"follow","max-snippet":"max-snippet:-1","max-image-preview":"max-image-preview:large","max-video-preview":"max-video-preview:-1"},"canonical":"https:\/\/marles-okna.com\/de\/karriere\/","og_locale":"de_DE","og_type":"article","og_title":"Karriere - Marles OKNA","og_description":"Wir sind ein Unternehmen mit Tradition, der unter der Marke Marles FENSTER bekannt ist. Karriere bei Marles Fenster.","og_url":"https:\/\/marles-okna.com\/de\/karriere\/","og_site_name":"Marles OKNA","article_modified_time":"2023-05-23T12:40:39+00:00","twitter_card":"summary_large_image","twitter_misc":{"Gesch\u00e4tzte Lesezeit":"2\u00a0Minuten"},"schema":{"@context":"https:\/\/schema.org","@graph":[{"@type":"WebPage","@id":"https:\/\/marles-okna.com\/de\/karriere\/","url":"https:\/\/marles-okna.com\/de\/karriere\/","name":"Karriere - Marles OKNA","isPartOf":{"@id":"https:\/\/marles-okna.com\/de\/#website"},"datePublished":"2021-12-14T12:49:53+00:00","dateModified":"2023-05-23T12:40:39+00:00","description":"Wir sind ein Unternehmen mit Tradition, der unter der Marke Marles FENSTER bekannt ist. Karriere bei Marles Fenster.","breadcrumb":{"@id":"https:\/\/marles-okna.com\/de\/karriere\/#breadcrumb"},"inLanguage":"de","potentialAction":[{"@type":"ReadAction","target":["https:\/\/marles-okna.com\/de\/karriere\/"]}]},{"@type":"BreadcrumbList","@id":"https:\/\/marles-okna.com\/de\/karriere\/#breadcrumb","itemListElement":[{"@type":"ListItem","position":1,"name":"Home","item":"https:\/\/marles-okna.com\/de\/"},{"@type":"ListItem","position":2,"name":"Karriere"}]},{"@type":"WebSite","@id":"https:\/\/marles-okna.com\/de\/#website","url":"https:\/\/marles-okna.com\/de\/","name":"Marles OKNA","description":"Odprite dom naravi.","potentialAction":[{"@type":"SearchAction","target":{"@type":"EntryPoint","urlTemplate":"https:\/\/marles-okna.com\/de\/?s={search_term_string}"},"query-input":{"@type":"PropertyValueSpecification","valueRequired":true,"valueName":"search_term_string"}}],"inLanguage":"de"}]}},"_links":{"self":[{"href":"https:\/\/marles-okna.com\/de\/wp-json\/wp\/v2\/pages\/1343","targetHints":{"allow":["GET"]}}],"collection":[{"href":"https:\/\/marles-okna.com\/de\/wp-json\/wp\/v2\/pages"}],"about":[{"href":"https:\/\/marles-okna.com\/de\/wp-json\/wp\/v2\/types\/page"}],"author":[{"embeddable":true,"href":"https:\/\/marles-okna.com\/de\/wp-json\/wp\/v2\/users\/1"}],"replies":[{"embeddable":true,"href":"https:\/\/marles-okna.com\/de\/wp-json\/wp\/v2\/comments?post=1343"}],"version-history":[{"count":7,"href":"https:\/\/marles-okna.com\/de\/wp-json\/wp\/v2\/pages\/1343\/revisions"}],"predecessor-version":[{"id":1585,"href":"https:\/\/marles-okna.com\/de\/wp-json\/wp\/v2\/pages\/1343\/revisions\/1585"}],"wp:attachment":[{"href":"https:\/\/marles-okna.com\/de\/wp-json\/wp\/v2\/media?parent=1343"}],"curies":[{"name":"wp","href":"https:\/\/api.w.org\/{rel}","templated":true}]}}