{"id":1510,"date":"2022-03-18T13:21:47","date_gmt":"2022-03-18T12:21:47","guid":{"rendered":"https:\/\/marles-okna.com\/ueber-cookies\/"},"modified":"2026-01-19T10:42:44","modified_gmt":"2026-01-19T09:42:44","slug":"ueber-cookies","status":"publish","type":"page","link":"https:\/\/marles-okna.com\/de\/ueber-cookies\/","title":{"rendered":"\u00dcber Cookies"},"content":{"rendered":"<div class=\"cli_pg_page_contaner\">\n<h3>Was ist ein Cookie?<\/h3>\n<div>Cookies sind kleine Textdateien, die die meisten Websites auf den Ger\u00e4ten der Benutzer gespeichert, mit denen der Benutzer auf das Internet zugreift, um die einzelnen Ger\u00e4te zu identifizieren, mit denen der Zugriff stattgefunden hat. Ihre Speicherung unterliegt der vollst\u00e4ndigen Kontrolle des Browsers der vom Benutzer verwendet wird. Dieser kann die Cookie-Speicherung einschr\u00e4nken oder deaktivieren.<\/div>\n<h3>Warum sind Cookies erforderlich?<\/h3>\n<div>Cookies sind f\u00fcr die Bereitstellung benutzerfreundlicher Online-Dienste unerl\u00e4sslich. Die g\u00e4ngigsten E-Commerce-Funktionen w\u00e4ren ohne Cookies nicht m\u00f6glich. Die Interaktion zwischen dem Webbenutzer und der Website ist mithilfe von Cookies schneller und einfacher. Mit ihrer Hilfe merkt sich eine Website ihre Vorlieben und Erfahrungen, spart Zeit und macht das Surfen im Internet effizienter und angenehmer. Cookies werden von den meisten Websites verwendet und sind ein handliches Mittel, um den Inhalt auf dem neusten Stand und relevant zu halten und den Interessen und Vorlieben jedes Webbenutzers nachzukommen. Es gibt mehrere Gr\u00fcnde f\u00fcr die Verwendung von Cookies, als erstes sicherlich die F\u00e4higkeit, Informationen \u00fcber den Status einzelner Website zu speichern (Details zu Anpassungen einzelner Websites), sie helfen bei der Ausf\u00fchrung verschiedener Onlinedienste (Online-Shops) und bei der Erfassung verschiedener Statistiken und Gewohnheiten des Webbenutzers \u2013 da nur durch sie die H\u00e4ufigkeit der Besuche einer bestimmten Website \u00fcberwacht werden kann. Unternehmen verwenden Cookies um die Effektivit\u00e4t ihres Website-Designs sowie die Eignung der Art und Anzahl der Anzeigen zu bewerten, die sie Nutzern auf ihren Websites anbieten.<\/div>\n<div><\/div>\n<div>Sie haben immer die M\u00f6glichkeit, Cookies zu akzeptieren oder abzulehnen. Die meisten Webbrowser akzeptieren Cookies automatisch, was Sie aber in den Einstellungen \u00e4ndert k\u00f6nnen, indem der Computer die Cookies entweder ablehnt oder sie erhalten eine Warnung, bevor das Cookie gespeichert wird.<\/div>\n<div><\/div>\n<div>F\u00fcr Informationen zu Cookie-Einstellungen klicken Sie auf den Namen Ihres Browsers:<\/div>\n<div><a href=\"https:\/\/support.google.com\/chrome\/answer\/95647?hl=de-de&amp;p=cpn_cookies\">Chrome<\/a><\/div>\n<div><a href=\"https:\/\/support.mozilla.org\/de\/kb\/verbesserter-schutz-aktivitatenverfolgung-desktop\">Firefox<\/a><\/div>\n<div><a href=\"https:\/\/support.apple.com\/de-de\/105082\">Safari<\/a><\/div>\n<h3>Verwendung von Cookies auf unserer Website<\/h3>\n<div>\n<p>Unsere Website verwendet Cookies, die die Website n\u00fctzlich machen, indem sie grundlegende Funktionen erm\u00f6glichen. Ohne diese Cookies funktioniert die Website nicht richtig.<\/p>\n<p>Arten von Cookies, die wir verwenden:<\/p><table class=\"cookielawinfo-row-cat-table cookielawinfo-classic\"><thead><tr><th class=\"cookielawinfo-column-1\">Cookie<\/th><th class=\"cookielawinfo-column-4\">Beschreibung<\/th><\/tr><\/thead><tbody><tr class=\"cookielawinfo-row\"><td class=\"cookielawinfo-column-1\">CONSENT<\/td><td class=\"cookielawinfo-column-4\">YouTube sets this cookie via embedded youtube-videos and registers anonymous statistical data.<\/td><\/tr><tr class=\"cookielawinfo-row\"><td class=\"cookielawinfo-column-1\">cookielawinfo-checkbox-advertisement<\/td><td class=\"cookielawinfo-column-4\">Set by the GDPR Cookie Consent plugin, this cookie is used to record the user consent for the cookies in the \"Advertisement\" category .<\/td><\/tr><tr class=\"cookielawinfo-row\"><td class=\"cookielawinfo-column-1\">CookieLawInfoConsent<\/td><td class=\"cookielawinfo-column-4\">Records the default button state of the corresponding category &amp; the status of CCPA. It works only in coordination with the primary cookie.<\/td><\/tr><tr class=\"cookielawinfo-row\"><td class=\"cookielawinfo-column-1\">VISITOR_INFO1_LIVE<\/td><td class=\"cookielawinfo-column-4\">A cookie set by YouTube to measure bandwidth that determines whether the user gets the new or old player interface.<\/td><\/tr><tr class=\"cookielawinfo-row\"><td class=\"cookielawinfo-column-1\">wp-wpml_current_language<\/td><td class=\"cookielawinfo-column-4\">No description available.<\/td><\/tr><tr class=\"cookielawinfo-row\"><td class=\"cookielawinfo-column-1\">YSC<\/td><td class=\"cookielawinfo-column-4\">YSC cookie is set by Youtube and is used to track the views of embedded videos on Youtube pages.<\/td><\/tr><tr class=\"cookielawinfo-row\"><td class=\"cookielawinfo-column-1\">yt-remote-connected-devices<\/td><td class=\"cookielawinfo-column-4\">YouTube sets this cookie to store the video preferences of the user using embedded YouTube video.<\/td><\/tr><tr class=\"cookielawinfo-row\"><td class=\"cookielawinfo-column-1\">yt-remote-device-id<\/td><td class=\"cookielawinfo-column-4\">YouTube sets this cookie to store the video preferences of the user using embedded YouTube video.<\/td><\/tr><tr class=\"cookielawinfo-row\"><td class=\"cookielawinfo-column-1\">yt.innertube::nextId<\/td><td class=\"cookielawinfo-column-4\">This cookie, set by YouTube, registers a unique ID to store data on what videos from YouTube the user has seen.<\/td><\/tr><tr class=\"cookielawinfo-row\"><td class=\"cookielawinfo-column-1\">yt.innertube::requests<\/td><td class=\"cookielawinfo-column-4\">This cookie, set by YouTube, registers a unique ID to store data on what videos from YouTube the user has seen.<\/td><\/tr><\/tbody><\/table>\n<\/div>\n<\/div>\n","protected":false},"excerpt":{"rendered":"<p>Was ist ein Cookie? Cookies sind kleine Textdateien, die die meisten Websites auf den Ger\u00e4ten der Benutzer gespeichert, mit denen der Benutzer auf das Internet zugreift, um die einzelnen Ger\u00e4te zu identifizieren, mit denen der Zugriff stattgefunden hat. Ihre Speicherung unterliegt der vollst\u00e4ndigen Kontrolle des Browsers der vom Benutzer verwendet wird. Dieser kann die Cookie-Speicherung<\/p>\n","protected":false},"author":1,"featured_media":0,"parent":0,"menu_order":0,"comment_status":"closed","ping_status":"closed","template":"","meta":{"inline_featured_image":false,"footnotes":""},"class_list":["post-1510","page","type-page","status-publish","hentry"],"yoast_head":"<!-- This site is optimized with the Yoast SEO plugin v26.2 - https:\/\/yoast.com\/wordpress\/plugins\/seo\/ -->\n<title>\u00dcber Cookies - Marles OKNA<\/title>\n<meta name=\"robots\" content=\"index, follow, max-snippet:-1, max-image-preview:large, max-video-preview:-1\" \/>\n<link rel=\"canonical\" href=\"https:\/\/marles-okna.com\/de\/ueber-cookies\/\" \/>\n<meta property=\"og:locale\" content=\"de_DE\" \/>\n<meta property=\"og:type\" content=\"article\" \/>\n<meta property=\"og:title\" content=\"\u00dcber Cookies - Marles OKNA\" \/>\n<meta property=\"og:description\" content=\"Was ist ein Cookie? Cookies sind kleine Textdateien, die die meisten Websites auf den Ger\u00e4ten der Benutzer gespeichert, mit denen der Benutzer auf das Internet zugreift, um die einzelnen Ger\u00e4te zu identifizieren, mit denen der Zugriff stattgefunden hat. Ihre Speicherung unterliegt der vollst\u00e4ndigen Kontrolle des Browsers der vom Benutzer verwendet wird. Dieser kann die Cookie-Speicherung\" \/>\n<meta property=\"og:url\" content=\"https:\/\/marles-okna.com\/de\/ueber-cookies\/\" \/>\n<meta property=\"og:site_name\" content=\"Marles OKNA\" \/>\n<meta property=\"article:modified_time\" content=\"2026-01-19T09:42:44+00:00\" \/>\n<meta name=\"twitter:card\" content=\"summary_large_image\" \/>\n<meta name=\"twitter:label1\" content=\"Gesch\u00e4tzte Lesezeit\" \/>\n\t<meta name=\"twitter:data1\" content=\"2\u00a0Minuten\" \/>\n<script type=\"application\/ld+json\" class=\"yoast-schema-graph\">{\"@context\":\"https:\/\/schema.org\",\"@graph\":[{\"@type\":\"WebPage\",\"@id\":\"https:\/\/marles-okna.com\/de\/ueber-cookies\/\",\"url\":\"https:\/\/marles-okna.com\/de\/ueber-cookies\/\",\"name\":\"\u00dcber Cookies - Marles OKNA\",\"isPartOf\":{\"@id\":\"https:\/\/marles-okna.com\/de\/#website\"},\"datePublished\":\"2022-03-18T12:21:47+00:00\",\"dateModified\":\"2026-01-19T09:42:44+00:00\",\"breadcrumb\":{\"@id\":\"https:\/\/marles-okna.com\/de\/ueber-cookies\/#breadcrumb\"},\"inLanguage\":\"de\",\"potentialAction\":[{\"@type\":\"ReadAction\",\"target\":[\"https:\/\/marles-okna.com\/de\/ueber-cookies\/\"]}]},{\"@type\":\"BreadcrumbList\",\"@id\":\"https:\/\/marles-okna.com\/de\/ueber-cookies\/#breadcrumb\",\"itemListElement\":[{\"@type\":\"ListItem\",\"position\":1,\"name\":\"Home\",\"item\":\"https:\/\/marles-okna.com\/de\/\"},{\"@type\":\"ListItem\",\"position\":2,\"name\":\"\u00dcber Cookies\"}]},{\"@type\":\"WebSite\",\"@id\":\"https:\/\/marles-okna.com\/de\/#website\",\"url\":\"https:\/\/marles-okna.com\/de\/\",\"name\":\"Marles OKNA\",\"description\":\"Odprite dom naravi.\",\"potentialAction\":[{\"@type\":\"SearchAction\",\"target\":{\"@type\":\"EntryPoint\",\"urlTemplate\":\"https:\/\/marles-okna.com\/de\/?s={search_term_string}\"},\"query-input\":{\"@type\":\"PropertyValueSpecification\",\"valueRequired\":true,\"valueName\":\"search_term_string\"}}],\"inLanguage\":\"de\"}]}<\/script>\n<!-- \/ Yoast SEO plugin. -->","yoast_head_json":{"title":"\u00dcber Cookies - Marles OKNA","robots":{"index":"index","follow":"follow","max-snippet":"max-snippet:-1","max-image-preview":"max-image-preview:large","max-video-preview":"max-video-preview:-1"},"canonical":"https:\/\/marles-okna.com\/de\/ueber-cookies\/","og_locale":"de_DE","og_type":"article","og_title":"\u00dcber Cookies - Marles OKNA","og_description":"Was ist ein Cookie? Cookies sind kleine Textdateien, die die meisten Websites auf den Ger\u00e4ten der Benutzer gespeichert, mit denen der Benutzer auf das Internet zugreift, um die einzelnen Ger\u00e4te zu identifizieren, mit denen der Zugriff stattgefunden hat. Ihre Speicherung unterliegt der vollst\u00e4ndigen Kontrolle des Browsers der vom Benutzer verwendet wird. Dieser kann die Cookie-Speicherung","og_url":"https:\/\/marles-okna.com\/de\/ueber-cookies\/","og_site_name":"Marles OKNA","article_modified_time":"2026-01-19T09:42:44+00:00","twitter_card":"summary_large_image","twitter_misc":{"Gesch\u00e4tzte Lesezeit":"2\u00a0Minuten"},"schema":{"@context":"https:\/\/schema.org","@graph":[{"@type":"WebPage","@id":"https:\/\/marles-okna.com\/de\/ueber-cookies\/","url":"https:\/\/marles-okna.com\/de\/ueber-cookies\/","name":"\u00dcber Cookies - Marles OKNA","isPartOf":{"@id":"https:\/\/marles-okna.com\/de\/#website"},"datePublished":"2022-03-18T12:21:47+00:00","dateModified":"2026-01-19T09:42:44+00:00","breadcrumb":{"@id":"https:\/\/marles-okna.com\/de\/ueber-cookies\/#breadcrumb"},"inLanguage":"de","potentialAction":[{"@type":"ReadAction","target":["https:\/\/marles-okna.com\/de\/ueber-cookies\/"]}]},{"@type":"BreadcrumbList","@id":"https:\/\/marles-okna.com\/de\/ueber-cookies\/#breadcrumb","itemListElement":[{"@type":"ListItem","position":1,"name":"Home","item":"https:\/\/marles-okna.com\/de\/"},{"@type":"ListItem","position":2,"name":"\u00dcber Cookies"}]},{"@type":"WebSite","@id":"https:\/\/marles-okna.com\/de\/#website","url":"https:\/\/marles-okna.com\/de\/","name":"Marles OKNA","description":"Odprite dom naravi.","potentialAction":[{"@type":"SearchAction","target":{"@type":"EntryPoint","urlTemplate":"https:\/\/marles-okna.com\/de\/?s={search_term_string}"},"query-input":{"@type":"PropertyValueSpecification","valueRequired":true,"valueName":"search_term_string"}}],"inLanguage":"de"}]}},"_links":{"self":[{"href":"https:\/\/marles-okna.com\/de\/wp-json\/wp\/v2\/pages\/1510","targetHints":{"allow":["GET"]}}],"collection":[{"href":"https:\/\/marles-okna.com\/de\/wp-json\/wp\/v2\/pages"}],"about":[{"href":"https:\/\/marles-okna.com\/de\/wp-json\/wp\/v2\/types\/page"}],"author":[{"embeddable":true,"href":"https:\/\/marles-okna.com\/de\/wp-json\/wp\/v2\/users\/1"}],"replies":[{"embeddable":true,"href":"https:\/\/marles-okna.com\/de\/wp-json\/wp\/v2\/comments?post=1510"}],"version-history":[{"count":4,"href":"https:\/\/marles-okna.com\/de\/wp-json\/wp\/v2\/pages\/1510\/revisions"}],"predecessor-version":[{"id":2661,"href":"https:\/\/marles-okna.com\/de\/wp-json\/wp\/v2\/pages\/1510\/revisions\/2661"}],"wp:attachment":[{"href":"https:\/\/marles-okna.com\/de\/wp-json\/wp\/v2\/media?parent=1510"}],"curies":[{"name":"wp","href":"https:\/\/api.w.org\/{rel}","templated":true}]}}